{"id":1090,"date":"2022-10-06T11:19:57","date_gmt":"2022-10-06T11:19:57","guid":{"rendered":"https:\/\/a3logistic.com\/politica-de-cookies\/"},"modified":"2022-10-25T11:14:28","modified_gmt":"2022-10-25T11:14:28","slug":"politica-de-cookies","status":"publish","type":"page","link":"https:\/\/a3logistic.com\/ca\/politica-de-cookies\/","title":{"rendered":"Pol\u00edtica de Cookies"},"content":{"rendered":"<p>[et_pb_section fb_built=&#8221;1&#8243; _builder_version=&#8221;4.18.0&#8243; _module_preset=&#8221;default&#8221; hover_enabled=&#8221;0&#8243; global_colors_info=&#8221;{}&#8221; animation_style=&#8221;fade&#8221; sticky_enabled=&#8221;0&#8243;][et_pb_row _builder_version=&#8221;4.18.0&#8243; _module_preset=&#8221;default&#8221; locked=&#8221;off&#8221; global_colors_info=&#8221;{}&#8221;][et_pb_column type=&#8221;4_4&#8243; _builder_version=&#8221;4.18.0&#8243; _module_preset=&#8221;default&#8221; global_colors_info=&#8221;{}&#8221;][et_pb_text module_class=&#8221;title-with-dot&#8221; _builder_version=&#8221;4.18.0&#8243; _module_preset=&#8221;default&#8221; text_text_color=&#8221;#32425E&#8221; text_font_size=&#8221;16px&#8221; hover_enabled=&#8221;0&#8243; locked=&#8221;off&#8221; global_colors_info=&#8221;{}&#8221; sticky_enabled=&#8221;0&#8243;]<\/p>\n<p>POL\u00cdTICA DE COOKIES<\/p>\n<p>[\/et_pb_text][\/et_pb_column][\/et_pb_row][et_pb_row _builder_version=&#8221;4.18.0&#8243; _module_preset=&#8221;default&#8221;][et_pb_column _builder_version=&#8221;4.18.0&#8243; _module_preset=&#8221;default&#8221; type=&#8221;4_4&#8243;][et_pb_text _builder_version=&#8221;4.18.0&#8243; _module_preset=&#8221;default&#8221; hover_enabled=&#8221;0&#8243; sticky_enabled=&#8221;0&#8243; text_font=&#8221;|300|||||||&#8221; header_4_font_size=&#8221;36px&#8221; header_4_line_height=&#8221;1.6em&#8221;]<\/p>\n<h4>POL\u00cdTICA DE COOKIES<\/h4>\n<p>En compliment de la Llei 34\/2002 de Serveis de la Societat de la Informaci\u00f3 i Comer\u00e7 Electr\u00f2nic us informem de la utilitzaci\u00f3 de cookies a les webs i aplicacions d&#8217;A3 LOGISTIC 1994, S.L. per tal de facilitar i millorar la navegaci\u00f3 als usuaris, recordant per on va navegar al lloc web, les prefer\u00e8ncies i configuracions de visualitzaci\u00f3.<\/p>\n<h4>Qu\u00e8 s\u00f3n les cookies?<\/h4>\n<p>Les cookies s\u00f3n arxius senzills que es poden descarregar al vostre equip a trav\u00e9s de les p\u00e0gines web. S\u00f3n scripts que tenen un paper essencial per a la prestaci\u00f3 de nombrosos serveis de la societat de la informaci\u00f3. Entre altres, permeten a una p\u00e0gina web emmagatzemar i recuperar informaci\u00f3 sobre els h\u00e0bits de navegaci\u00f3 d&#8217;un usuari o del vostre equip i, depenent de la informaci\u00f3 obtinguda, es poden utilitzar per recon\u00e8ixer l&#8217;usuari i millorar el servei ofert.<\/p>\n<h4>Segons l&#8217;entitat<\/h4>\n<p>Segons qui sigui l&#8217;entitat que gestioni el domini des d&#8217;on s&#8217;envien les cookies i tracti les dades que s&#8217;obtinguin es poden distingir dos tipus:<\/p>\n<p>Cookies pr\u00f2pies: S\u00f3n aquelles que s&#8217;envien a l&#8217;equip terminal de l&#8217;usuari des d&#8217;un equip o domini gestionat pel mateix editor i des del qual es presta el servei sol\u00b7licitat per l&#8217;usuari.<\/p>\n<p>cookies de tercers: aquelles que s&#8217;envien a l&#8217;equip terminal de l&#8217;usuari des d&#8217;un equip o domini que no \u00e9s gestionat per l&#8217;editor, sin\u00f3 per una altra entitat que tracta les dades obtingudes a trav\u00e9s de les cookies.<\/p>\n<h4>Segons el termini de temps<\/h4>\n<p>Hi ha tamb\u00e9 una segona classificaci\u00f3 segons el termini de temps que romanen emmagatzemades al navegador del client, podent tractar-se de:<\/p>\n<p>Cookies de sessi\u00f3: S\u00f3n aquelles cookies dissenyades per a demanar i emmagatzemar dades mentre l&#8217;usuari accedeix a una p\u00e0gina web. Se solen fer servir per emmagatzemar informaci\u00f3 que nom\u00e9s interessa conservar per a la prestaci\u00f3 del servei sol\u00b7licitat per l&#8217;usuari en una sola ocasi\u00f3.<\/p>\n<p>Cookies persistents: S\u00f3n aquelles cookies en qu\u00e8 les dades segueixen emmagatzemades al terminal i poden ser accedides i tractades durant un per\u00edode definit pel responsable de la galeta, i que pot anar d&#8217;uns minuts a diversos anys.<\/p>\n<h4>Segons la finalitat<\/h4>\n<p>L&#8217;\u00faltima de les classificacions \u00e9s segons la finalitat per a la qual es tractin les dades obtingudes:<\/p>\n<p>Cookies t\u00e8cniques: S\u00f3n aquelles que permeten a l&#8217;usuari la navegaci\u00f3 a trav\u00e9s d&#8217;una p\u00e0gina web, plataforma o aplicaci\u00f3 i la utilitzaci\u00f3 de les diferents opcions o serveis que hi hagi com, per exemple, controlar el tr\u00e0nsit i la comunicaci\u00f3 de dades, identificar la sessi\u00f3, accedir a parts d&#8217;acc\u00e9s restringit, recordar els elements que integren una comanda, fer el proc\u00e9s de compra d&#8217;una comanda, fer la sol\u00b7licitud d&#8217;inscripci\u00f3 o participaci\u00f3 en un esdeveniment, utilitzar elements de seguretat durant la navegaci\u00f3, emmagatzemar continguts per a la difusi\u00f3 de v\u00eddeos o so o compartir continguts a trav\u00e9s de xarxes socials.<\/p>\n<p>Cookies de personalitzaci\u00f3: S\u00f3n aquelles que permeten a l&#8217;usuari accedir al servei amb algunes caracter\u00edstiques de car\u00e0cter general predefinides en funci\u00f3 d&#8217;una s\u00e8rie de criteris al terminal de l&#8217;usuari com ara serien l&#8217;idioma, el tipus de navegador a trav\u00e9s del qual accedeix al servei , la configuraci\u00f3 regional des d&#8217;on accedeix al servei, etc.<\/p>\n<p>Cookies anal\u00edtiques: S\u00f3n aquelles que permeten al responsable de les mateixes, el seguiment i an\u00e0lisi del comportament dels usuaris dels llocs web a qu\u00e8 estan vinculades. La informaci\u00f3 recollida mitjan\u00e7ant aquest tipus de cookies s&#8217;utilitza en el mesurament de l&#8217;activitat dels llocs web, aplicaci\u00f3 o plataforma i per a l&#8217;elaboraci\u00f3 de perfils de navegaci\u00f3 dels usuaris d&#8217;aquests llocs, aplicacions i plataformes, per introduir millores a funci\u00f3 de lan\u00e0lisi de les dades d\u00fas que fan els usuaris del servei.<\/p>\n<p>Cookies publicit\u00e0ries: S\u00f3n aquelles que permeten la gesti\u00f3, de la manera m\u00e9s efica\u00e7 possible, dels espais publicitaris.<\/p>\n<p>Cookies de publicitat comportamental: S\u00f3n aquelles que emmagatzemen informaci\u00f3 sobre el comportament dels usuaris obtinguda a trav\u00e9s de l&#8217;observaci\u00f3 continuada sobre els seus h\u00e0bits de navegaci\u00f3, cosa que permet desenvolupar un perfil espec\u00edfic per mostrar publicitat en funci\u00f3 del mateix.<\/p>\n<p>Cookies de xarxes socials: S&#8217;utilitzen perqu\u00e8 els visitants puguin interactuar amb el contingut de diferents plataformes socials. Les condicions d&#8217;utilitzaci\u00f3 d&#8217;aquestes cookies i la informaci\u00f3 recopilada es regula per la pol\u00edtica de privadesa de la plataforma social corresponent.<\/p>\n<h4>Desactivaci\u00f3 i eliminaci\u00f3 de cookies<\/h4>\n<p>Tens l&#8217;opci\u00f3 de permetre, bloquejar o eliminar les cookies instal\u00b7lades al teu equip mitjan\u00e7ant la configuraci\u00f3 de les opcions del navegador instal\u00b7lat al seu equip aix\u00ed com gestionar el teu consentiment en qualsevol moment prement sobre el bot\u00f3 flotant \u201cConsentiment\u201d ubicat a la part inferior del teu equip navegador.<\/p>\n<p>Has de ser conscient que en desactivar les cookies, alguns dels serveis disponibles podrien deixar d&#8217;estar operatius. La manera de deshabilitar les galetes \u00e9s diferent per a cada navegador, per\u00f2 normalment es pot fer des del men\u00fa Eines o Opcions. Tamb\u00e9 podeu consultar el men\u00fa d&#8217;Ajuda del navegador on podeu trobar instruccions. L&#8217;usuari podr\u00e0 en qualsevol moment triar quines galetes vol que funcionin en aquest lloc web.<\/p>\n<p>Podeu permetre, bloquejar o eliminar les cookies instal\u00b7lades al vostre equip mitjan\u00e7ant la configuraci\u00f3 de les opcions del navegador instal\u00b7lat al vostre ordinador:<\/p>\n<p>\u2022 <strong>Microsoft Internet Explorer o Microsoft Edge:<\/strong> http:\/\/windows.microsoft.com\/es-es\/windows-vista\/Block-or-allow-cookies<br \/>\u2022 <strong>Mozilla Firefox:<\/strong> http:\/\/support.mozilla.org\/es\/kb\/impedir-que-los-sitios-web-guarden-sus-preferencia<br \/>\u2022 <strong>Chrome:<\/strong> https:\/\/support.google.com\/accounts\/answer\/61416?hl=es<br \/>\u2022 <strong>Safari:<\/strong> http:\/\/safari.helpmax.net\/es\/privacidad-y-seguridad\/como-gestionar-las-cookies\/<br \/>\u2022 <strong>Opera:<\/strong> http:\/\/help.opera.com\/Linux\/10.60\/es-ES\/cookies.html<\/p>\n<p>[\/et_pb_text][\/et_pb_column][\/et_pb_row][\/et_pb_section]<\/p>\n","protected":false},"excerpt":{"rendered":"<p>POL\u00cdTICA DE COOKIESPOL\u00cdTICA DE COOKIES En compliment de la Llei 34\/2002 de Serveis de la Societat de la Informaci\u00f3 i Comer\u00e7 Electr\u00f2nic us informem de la utilitzaci\u00f3 de cookies a les webs i aplicacions d&#8217;A3 LOGISTIC 1994, S.L. per tal de facilitar i millorar la navegaci\u00f3 als usuaris, recordant per on va navegar al lloc [&hellip;]<\/p>\n","protected":false},"author":1,"featured_media":0,"parent":0,"menu_order":0,"comment_status":"closed","ping_status":"closed","template":"","meta":{"_et_pb_use_builder":"on","_et_pb_old_content":"","_et_gb_content_width":"","om_disable_all_campaigns":false,"inline_featured_image":false,"_monsterinsights_skip_tracking":false,"_monsterinsights_sitenote_active":false,"_monsterinsights_sitenote_note":"","_monsterinsights_sitenote_category":0},"aioseo_notices":[],"yoast_head":"<!-- This site is optimized with the Yoast SEO plugin v19.8 - https:\/\/yoast.com\/wordpress\/plugins\/seo\/ -->\n<title>Pol\u00edtica de Cookies - A3Logistic<\/title>\n<meta name=\"robots\" content=\"index, follow, max-snippet:-1, max-image-preview:large, max-video-preview:-1\" \/>\n<link rel=\"canonical\" href=\"https:\/\/a3logistic.com\/ca\/politica-de-cookies\/\" \/>\n<meta property=\"og:locale\" content=\"ca_ES\" \/>\n<meta property=\"og:type\" content=\"article\" \/>\n<meta property=\"og:title\" content=\"Pol\u00edtica de Cookies - A3Logistic\" \/>\n<meta property=\"og:description\" content=\"POL\u00cdTICA DE COOKIESPOL\u00cdTICA DE COOKIES En compliment de la Llei 34\/2002 de Serveis de la Societat de la Informaci\u00f3 i Comer\u00e7 Electr\u00f2nic us informem de la utilitzaci\u00f3 de cookies a les webs i aplicacions d&#039;A3 LOGISTIC 1994, S.L. per tal de facilitar i millorar la navegaci\u00f3 als usuaris, recordant per on va navegar al lloc [&hellip;]\" \/>\n<meta property=\"og:url\" content=\"https:\/\/a3logistic.com\/ca\/politica-de-cookies\/\" \/>\n<meta property=\"og:site_name\" content=\"A3Logistic\" \/>\n<meta property=\"article:modified_time\" content=\"2022-10-25T11:14:28+00:00\" \/>\n<meta name=\"twitter:card\" content=\"summary_large_image\" \/>\n<meta name=\"twitter:label1\" content=\"Temps estimat de lectura\" \/>\n\t<meta name=\"twitter:data1\" content=\"5 minuts\" \/>\n<script type=\"application\/ld+json\" class=\"yoast-schema-graph\">{\"@context\":\"https:\/\/schema.org\",\"@graph\":[{\"@type\":\"WebPage\",\"@id\":\"https:\/\/a3logistic.com\/ca\/politica-de-cookies\/\",\"url\":\"https:\/\/a3logistic.com\/ca\/politica-de-cookies\/\",\"name\":\"Pol\u00edtica de Cookies - A3Logistic\",\"isPartOf\":{\"@id\":\"https:\/\/a3logistic.com\/#website\"},\"datePublished\":\"2022-10-06T11:19:57+00:00\",\"dateModified\":\"2022-10-25T11:14:28+00:00\",\"breadcrumb\":{\"@id\":\"https:\/\/a3logistic.com\/ca\/politica-de-cookies\/#breadcrumb\"},\"inLanguage\":\"ca\",\"potentialAction\":[{\"@type\":\"ReadAction\",\"target\":[\"https:\/\/a3logistic.com\/ca\/politica-de-cookies\/\"]}]},{\"@type\":\"BreadcrumbList\",\"@id\":\"https:\/\/a3logistic.com\/ca\/politica-de-cookies\/#breadcrumb\",\"itemListElement\":[{\"@type\":\"ListItem\",\"position\":1,\"name\":\"Home\",\"item\":\"https:\/\/a3logistic.com\/ca\/\"},{\"@type\":\"ListItem\",\"position\":2,\"name\":\"Pol\u00edtica de Cookies\"}]},{\"@type\":\"WebSite\",\"@id\":\"https:\/\/a3logistic.com\/#website\",\"url\":\"https:\/\/a3logistic.com\/\",\"name\":\"A3Logistic\",\"description\":\"Movemos el mundo por tu empresa\",\"publisher\":{\"@id\":\"https:\/\/a3logistic.com\/#organization\"},\"potentialAction\":[{\"@type\":\"SearchAction\",\"target\":{\"@type\":\"EntryPoint\",\"urlTemplate\":\"https:\/\/a3logistic.com\/?s={search_term_string}\"},\"query-input\":\"required name=search_term_string\"}],\"inLanguage\":\"ca\"},{\"@type\":\"Organization\",\"@id\":\"https:\/\/a3logistic.com\/#organization\",\"name\":\"A3Logistic\",\"url\":\"https:\/\/a3logistic.com\/\",\"sameAs\":[],\"logo\":{\"@type\":\"ImageObject\",\"inLanguage\":\"ca\",\"@id\":\"https:\/\/a3logistic.com\/#\/schema\/logo\/image\/\",\"url\":\"https:\/\/a3logistic.com\/wp-content\/uploads\/2022\/10\/logo.svg\",\"contentUrl\":\"https:\/\/a3logistic.com\/wp-content\/uploads\/2022\/10\/logo.svg\",\"width\":187,\"height\":62,\"caption\":\"A3Logistic\"},\"image\":{\"@id\":\"https:\/\/a3logistic.com\/#\/schema\/logo\/image\/\"}}]}<\/script>\n<!-- \/ Yoast SEO plugin. -->","yoast_head_json":{"title":"Pol\u00edtica de Cookies - A3Logistic","robots":{"index":"index","follow":"follow","max-snippet":"max-snippet:-1","max-image-preview":"max-image-preview:large","max-video-preview":"max-video-preview:-1"},"canonical":"https:\/\/a3logistic.com\/ca\/politica-de-cookies\/","og_locale":"ca_ES","og_type":"article","og_title":"Pol\u00edtica de Cookies - A3Logistic","og_description":"POL\u00cdTICA DE COOKIESPOL\u00cdTICA DE COOKIES En compliment de la Llei 34\/2002 de Serveis de la Societat de la Informaci\u00f3 i Comer\u00e7 Electr\u00f2nic us informem de la utilitzaci\u00f3 de cookies a les webs i aplicacions d'A3 LOGISTIC 1994, S.L. per tal de facilitar i millorar la navegaci\u00f3 als usuaris, recordant per on va navegar al lloc [&hellip;]","og_url":"https:\/\/a3logistic.com\/ca\/politica-de-cookies\/","og_site_name":"A3Logistic","article_modified_time":"2022-10-25T11:14:28+00:00","twitter_card":"summary_large_image","twitter_misc":{"Temps estimat de lectura":"5 minuts"},"schema":{"@context":"https:\/\/schema.org","@graph":[{"@type":"WebPage","@id":"https:\/\/a3logistic.com\/ca\/politica-de-cookies\/","url":"https:\/\/a3logistic.com\/ca\/politica-de-cookies\/","name":"Pol\u00edtica de Cookies - A3Logistic","isPartOf":{"@id":"https:\/\/a3logistic.com\/#website"},"datePublished":"2022-10-06T11:19:57+00:00","dateModified":"2022-10-25T11:14:28+00:00","breadcrumb":{"@id":"https:\/\/a3logistic.com\/ca\/politica-de-cookies\/#breadcrumb"},"inLanguage":"ca","potentialAction":[{"@type":"ReadAction","target":["https:\/\/a3logistic.com\/ca\/politica-de-cookies\/"]}]},{"@type":"BreadcrumbList","@id":"https:\/\/a3logistic.com\/ca\/politica-de-cookies\/#breadcrumb","itemListElement":[{"@type":"ListItem","position":1,"name":"Home","item":"https:\/\/a3logistic.com\/ca\/"},{"@type":"ListItem","position":2,"name":"Pol\u00edtica de Cookies"}]},{"@type":"WebSite","@id":"https:\/\/a3logistic.com\/#website","url":"https:\/\/a3logistic.com\/","name":"A3Logistic","description":"Movemos el mundo por tu empresa","publisher":{"@id":"https:\/\/a3logistic.com\/#organization"},"potentialAction":[{"@type":"SearchAction","target":{"@type":"EntryPoint","urlTemplate":"https:\/\/a3logistic.com\/?s={search_term_string}"},"query-input":"required name=search_term_string"}],"inLanguage":"ca"},{"@type":"Organization","@id":"https:\/\/a3logistic.com\/#organization","name":"A3Logistic","url":"https:\/\/a3logistic.com\/","sameAs":[],"logo":{"@type":"ImageObject","inLanguage":"ca","@id":"https:\/\/a3logistic.com\/#\/schema\/logo\/image\/","url":"https:\/\/a3logistic.com\/wp-content\/uploads\/2022\/10\/logo.svg","contentUrl":"https:\/\/a3logistic.com\/wp-content\/uploads\/2022\/10\/logo.svg","width":187,"height":62,"caption":"A3Logistic"},"image":{"@id":"https:\/\/a3logistic.com\/#\/schema\/logo\/image\/"}}]}},"_links":{"self":[{"href":"https:\/\/a3logistic.com\/ca\/wp-json\/wp\/v2\/pages\/1090"}],"collection":[{"href":"https:\/\/a3logistic.com\/ca\/wp-json\/wp\/v2\/pages"}],"about":[{"href":"https:\/\/a3logistic.com\/ca\/wp-json\/wp\/v2\/types\/page"}],"author":[{"embeddable":true,"href":"https:\/\/a3logistic.com\/ca\/wp-json\/wp\/v2\/users\/1"}],"replies":[{"embeddable":true,"href":"https:\/\/a3logistic.com\/ca\/wp-json\/wp\/v2\/comments?post=1090"}],"version-history":[{"count":5,"href":"https:\/\/a3logistic.com\/ca\/wp-json\/wp\/v2\/pages\/1090\/revisions"}],"predecessor-version":[{"id":1096,"href":"https:\/\/a3logistic.com\/ca\/wp-json\/wp\/v2\/pages\/1090\/revisions\/1096"}],"wp:attachment":[{"href":"https:\/\/a3logistic.com\/ca\/wp-json\/wp\/v2\/media?parent=1090"}],"curies":[{"name":"wp","href":"https:\/\/api.w.org\/{rel}","templated":true}]}}