{"id":2991,"date":"2026-04-17T13:09:01","date_gmt":"2026-04-17T13:09:01","guid":{"rendered":"https:\/\/a3logistic.com\/?page_id=2991"},"modified":"2026-04-22T15:57:34","modified_gmt":"2026-04-22T15:57:34","slug":"2991-2","status":"publish","type":"page","link":"https:\/\/a3logistic.com\/ca\/2991-2\/","title":{"rendered":"Blog"},"content":{"rendered":"<p>[et_pb_section fb_built=&#8221;1&#8243; _builder_version=&#8221;4.18.0&#8243; _module_preset=&#8221;default&#8221; saved_tabs=&#8221;all&#8221; locked=&#8221;off&#8221; global_colors_info=&#8221;{}&#8221;][et_pb_row _builder_version=&#8221;4.18.0&#8243; _module_preset=&#8221;default&#8221; animation_style=&#8221;fold&#8221; global_colors_info=&#8221;{}&#8221;][et_pb_column type=&#8221;4_4&#8243; _builder_version=&#8221;4.18.0&#8243; _module_preset=&#8221;default&#8221; global_colors_info=&#8221;{}&#8221;][et_pb_text _builder_version=&#8221;4.18.0&#8243; _module_preset=&#8221;default&#8221; text_font=&#8221;Cormorant Garamond||||||||&#8221; text_font_size=&#8221;100px&#8221; header_font=&#8221;||||||||&#8221; header_font_size=&#8221;66px&#8221; width=&#8221;75.7%&#8221; custom_margin=&#8221;|292px|14px|||&#8221; global_colors_info=&#8221;{}&#8221;]<\/p>\n<h1 class=\"font-gt h1-hero text-white mb-6\" data-id=\"74oqrb0a\" style=\"text-align: left;\">Blog de log\u00edstica i transport internacional<\/h1>\n<p>[\/et_pb_text][\/et_pb_column][\/et_pb_row][et_pb_row _builder_version=&#8221;4.18.0&#8243; _module_preset=&#8221;default&#8221; animation_style=&#8221;fold&#8221; global_colors_info=&#8221;{}&#8221;][et_pb_column type=&#8221;4_4&#8243; _builder_version=&#8221;4.18.0&#8243; _module_preset=&#8221;default&#8221; global_colors_info=&#8221;{}&#8221;][et_pb_text _builder_version=&#8221;4.18.0&#8243; _module_preset=&#8221;default&#8221; custom_margin=&#8221;-43px|||||&#8221; custom_padding=&#8221;0px||0px|||&#8221; global_colors_info=&#8221;{}&#8221;]<\/p>\n<p style=\"text-align: justify;\">Recursos especialitzats per a empreses d&#8217;importaci\u00f3 i exportaci\u00f3. Consells pr\u00e0ctics, an\u00e0lisis de mercat i solucions log\u00edstiques per optimitzar la vostra cadena de subministrament.<\/p>\n<p>[\/et_pb_text][\/et_pb_column][\/et_pb_row][et_pb_row _builder_version=&#8221;4.18.0&#8243; _module_preset=&#8221;default&#8221; animation_style=&#8221;fold&#8221; global_colors_info=&#8221;{}&#8221;][et_pb_column type=&#8221;4_4&#8243; _builder_version=&#8221;4.18.0&#8243; _module_preset=&#8221;default&#8221; global_colors_info=&#8221;{}&#8221;][et_pb_text _builder_version=&#8221;4.18.0&#8243; _module_preset=&#8221;default&#8221; text_font_size=&#8221;89px&#8221; header_font_size=&#8221;100px&#8221; min_height=&#8221;53px&#8221; global_colors_info=&#8221;{}&#8221; content__hover_enabled=&#8221;off|desktop&#8221;]<\/p>\n<h2 class=\"font-gt h2-section text-navy mb-6\" data-id=\"ka6xicp2\" style=\"text-align: left;\">Expertesa log\u00edstica al servei de la vostra empresa<\/h2>\n<p>[\/et_pb_text][et_pb_text _builder_version=&#8221;4.18.0&#8243; _module_preset=&#8221;default&#8221; custom_margin=&#8221;-43px|||||&#8221; custom_padding=&#8221;11px|||||&#8221; global_colors_info=&#8221;{}&#8221;]<\/p>\n<p style=\"text-align: justify;\">A A3 Logistic, tenim m\u00e9s de 25 anys d&#8217;experi\u00e8ncia en transport internacional. Aqu\u00ed hi trobareu an\u00e0lisis del sector, guies pr\u00e0ctiques sobre duanes i documentaci\u00f3, i les \u00faltimes tend\u00e8ncies en log\u00edstica mar\u00edtima, a\u00e8ria i terrestre. El nostre objectiu: ajudar-vos a prendre decisions informades que redueixin costos i millorin els terminis de lliurament de les vostres operacions.<\/p>\n<p>[\/et_pb_text][\/et_pb_column][\/et_pb_row][\/et_pb_section][et_pb_section fb_built=&#8221;1&#8243; _builder_version=&#8221;4.18.0&#8243; _module_preset=&#8221;default&#8221; background_color=&#8221;#EDEDED&#8221; min_height=&#8221;302.9px&#8221; custom_padding=&#8221;||2px|||&#8221; animation_style=&#8221;fade&#8221; locked=&#8221;off&#8221; global_colors_info=&#8221;{}&#8221;][et_pb_row column_structure=&#8221;1_4,1_4,1_4,1_4&#8243; _builder_version=&#8221;4.18.0&#8243; _module_preset=&#8221;default&#8221; width=&#8221;98.3%&#8221; min_height=&#8221;67px&#8221; custom_padding=&#8221;||0px|||&#8221; animation_style=&#8221;bounce&#8221; global_colors_info=&#8221;{}&#8221;][et_pb_column type=&#8221;1_4&#8243; _builder_version=&#8221;4.18.0&#8243; _module_preset=&#8221;default&#8221; global_colors_info=&#8221;{}&#8221;][et_pb_text _builder_version=&#8221;4.18.0&#8243; _module_preset=&#8221;default&#8221; text_font_size=&#8221;71px&#8221; header_font_size=&#8221;66px&#8221; custom_margin=&#8221;||-49px|||&#8221; custom_padding=&#8221;||32px|||&#8221; global_colors_info=&#8221;{}&#8221;]<\/p>\n<h1 style=\"text-align: center;\"><span>1+<\/span><\/h1>\n<p>&nbsp;<\/p>\n<p>[\/et_pb_text][et_pb_text _builder_version=&#8221;4.18.0&#8243; _module_preset=&#8221;default&#8221; custom_margin=&#8221;-9px||-62px|||&#8221; custom_padding=&#8221;0px|0px||||&#8221; global_colors_info=&#8221;{}&#8221;]<\/p>\n<p style=\"text-align: center;\"><strong>articles publicats<\/strong><\/p>\n<p>[\/et_pb_text][\/et_pb_column][et_pb_column type=&#8221;1_4&#8243; _builder_version=&#8221;4.18.0&#8243; _module_preset=&#8221;default&#8221; global_colors_info=&#8221;{}&#8221;][et_pb_text _builder_version=&#8221;4.18.0&#8243; _module_preset=&#8221;default&#8221; text_font_size=&#8221;71px&#8221; header_font_size=&#8221;66px&#8221; global_colors_info=&#8221;{}&#8221;]<\/p>\n<h1 style=\"text-align: center;\"><span>3<br \/><\/span><\/h1>\n<p>&nbsp;<\/p>\n<p>[\/et_pb_text][et_pb_text _builder_version=&#8221;4.18.0&#8243; _module_preset=&#8221;default&#8221; custom_margin=&#8221;-43px|||||&#8221; custom_padding=&#8221;0px|0px||||&#8221; global_colors_info=&#8221;{}&#8221;]<\/p>\n<p style=\"text-align: center;\"><strong>categories especialitzades<\/strong><\/p>\n<p>[\/et_pb_text][\/et_pb_column][et_pb_column type=&#8221;1_4&#8243; _builder_version=&#8221;4.18.0&#8243; _module_preset=&#8221;default&#8221; global_colors_info=&#8221;{}&#8221;][et_pb_text _builder_version=&#8221;4.18.0&#8243; _module_preset=&#8221;default&#8221; text_font_size=&#8221;71px&#8221; header_font_size=&#8221;66px&#8221; global_colors_info=&#8221;{}&#8221;]<\/p>\n<h1 style=\"text-align: center;\"><span>+2K<br \/><\/span><\/h1>\n<p>&nbsp;<\/p>\n<p>[\/et_pb_text][et_pb_text _builder_version=&#8221;4.18.0&#8243; _module_preset=&#8221;default&#8221; custom_margin=&#8221;-44px|-16px|0px|||&#8221; custom_padding=&#8221;||3px|||&#8221; global_colors_info=&#8221;{}&#8221;]<\/p>\n<p style=\"text-align: center;\"><strong><span style=\"color: #000000;\">lectores mensuales<\/span><\/strong><\/p>\n<p>[\/et_pb_text][\/et_pb_column][et_pb_column type=&#8221;1_4&#8243; _builder_version=&#8221;4.18.0&#8243; _module_preset=&#8221;default&#8221; global_colors_info=&#8221;{}&#8221;][et_pb_text _builder_version=&#8221;4.18.0&#8243; _module_preset=&#8221;default&#8221; text_font_size=&#8221;71px&#8221; header_font_size=&#8221;66px&#8221; global_colors_info=&#8221;{}&#8221;]<\/p>\n<h1 style=\"text-align: center;\"><span>50+<\/p>\n<p><\/span><\/h1>\n<p>[\/et_pb_text][et_pb_text _builder_version=&#8221;4.18.0&#8243; _module_preset=&#8221;default&#8221; custom_margin=&#8221;-80px|||||&#8221; custom_padding=&#8221;0px|||0px||&#8221; global_colors_info=&#8221;{}&#8221;]<\/p>\n<p style=\"text-align: center;\"><strong>anys d&#8217;experi\u00e8ncia<\/strong><\/p>\n<p>[\/et_pb_text][\/et_pb_column][\/et_pb_row][\/et_pb_section][et_pb_section fb_built=&#8221;1&#8243; _builder_version=&#8221;4.18.0&#8243; _module_preset=&#8221;default&#8221; min_height=&#8221;553.9px&#8221; custom_padding=&#8221;||79px|||&#8221; locked=&#8221;off&#8221; global_colors_info=&#8221;{}&#8221; custom_margin=&#8221;||137px|||&#8221;][et_pb_row _builder_version=&#8221;4.18.0&#8243; _module_preset=&#8221;default&#8221; custom_padding=&#8221;||0px|||&#8221; global_colors_info=&#8221;{}&#8221;][et_pb_column type=&#8221;4_4&#8243; _builder_version=&#8221;4.18.0&#8243; _module_preset=&#8221;default&#8221; global_colors_info=&#8221;{}&#8221;][et_pb_text _builder_version=&#8221;4.18.0&#8243; _module_preset=&#8221;default&#8221; text_font_size=&#8221;89px&#8221; header_font_size=&#8221;100px&#8221; min_height=&#8221;53px&#8221; custom_padding=&#8221;27px||0px|||&#8221; animation_style=&#8221;slide&#8221; global_colors_info=&#8221;{}&#8221; content__hover_enabled=&#8221;off|desktop&#8221;]<\/p>\n<h2 class=\"font-gt h2-section text-navy mb-6\" data-id=\"ka6xicp2\" style=\"text-align: center;\">Exploreu casos d&#8217;\u00e8xit del sector<\/h2>\n<p>[\/et_pb_text][et_pb_code _builder_version=&#8221;4.18.0&#8243; _module_preset=&#8221;default&#8221; hover_enabled=&#8221;0&#8243; global_colors_info=&#8221;{}&#8221; sticky_enabled=&#8221;0&#8243; custom_css_main_element=&#8221;.zoom-shortcode {||  transform: scale(1.25);||  transform-origin: top center;||}&#8221; locked=&#8221;off&#8221;]<\/p>\n<div class=\"zoom-shortcode\"><!-- [et_pb_line_break_holder] -->  <div id=\"caf-post-layout-container\" class=\"caf-post-layout-container  filter-layout1 post-layout1 data-target-div1\" data-post-type=\"post\" data-tax=\"category\" data-terms=\"24,40,39\" data-per-page=\"3\" data-selected-terms=\"24,40,39\" data-filter-id=\"3049\" data-post-layout=\"post-layout1\" data-target-div=\"data-target-div1\"><div id=\"caf-filter-layout1\" class='caf-filter-layout data-target-div1 '>\r\n    <ul class=\"caf-filter-container caf-filter-layout1\">\r\n        <li class=\"caf-mb-4\"><a href=\"#\" data-id=\"24,40,39\" data-main-id=\"flt\" class=\" abc active\" data-target-div=\"data-target-div1\">All<\/a><\/li><li class='caf-mb-4'><a href='#' data-id='24' data-main-id='flt' data-target-div='data-target-div1' class=''>Casos de \u00e9xito<\/a><\/li><li class='caf-mb-4'><a href='#' data-id='40' data-main-id='flt' data-target-div='data-target-div1' class=''>Consejos log\u00edsticos<\/a><\/li><li class='caf-mb-4'><a href='#' data-id='39' data-main-id='flt' data-target-div='data-target-div1' class=''>Novedades<\/a><\/li>    <\/ul>\r\n<\/div><div id='manage-ajax-response' class='caf-row'><div class=\"status\"><i class=\"fa fa-spinner\" aria-hidden=\"true\"><\/i><\/div><div class=\"content\"><\/div><\/div><\/div><!-- [et_pb_line_break_holder] --><\/div>\n<p>[\/et_pb_code][\/et_pb_column][\/et_pb_row][\/et_pb_section][et_pb_section fb_built=&#8221;1&#8243; _builder_version=&#8221;4.18.0&#8243; _module_preset=&#8221;default&#8221; background_color=&#8221;#EDEDED&#8221; min_height=&#8221;671px&#8221; custom_margin=&#8221;-37px||||false|false&#8221; custom_padding=&#8221;50px||0px||false|false&#8221; locked=&#8221;off&#8221; global_colors_info=&#8221;{}&#8221;][et_pb_row column_structure=&#8221;2_5,3_5&#8243; _builder_version=&#8221;4.18.0&#8243; _module_preset=&#8221;default&#8221; width=&#8221;85.5%&#8221; min_height=&#8221;565.1px&#8221; custom_margin=&#8221;|auto|118px|auto||&#8221; custom_padding=&#8221;26px|||0px||&#8221; global_colors_info=&#8221;{}&#8221;][et_pb_column type=&#8221;2_5&#8243; _builder_version=&#8221;4.18.0&#8243; _module_preset=&#8221;default&#8221; global_colors_info=&#8221;{}&#8221;][et_pb_text _builder_version=&#8221;4.18.0&#8243; _module_preset=&#8221;default&#8221; custom_margin=&#8221;|-83px||||&#8221; animation_style=&#8221;fade&#8221; global_colors_info=&#8221;{}&#8221;]<\/p>\n<h1 class=\"font-gt h3-subsection text-navy mb-6\" data-id=\"f0ofp2p1\">Per qu\u00e8 confiar en la nostra experi\u00e8ncia en log\u00edstica?<\/h1>\n<p>[\/et_pb_text][et_pb_blurb image=&#8221;https:\/\/a3logistic.com\/wp-content\/uploads\/2026\/04\/image-removebg-preview.png&#8221; _builder_version=&#8221;4.18.0&#8243; _module_preset=&#8221;default&#8221; min_height=&#8221;220.5px&#8221; custom_margin=&#8221;|297px|-42px|||&#8221; global_colors_info=&#8221;{}&#8221;][\/et_pb_blurb][et_pb_text _builder_version=&#8221;4.18.0&#8243; _module_preset=&#8221;default&#8221; width=&#8221;127.3%&#8221; min_height=&#8221;236.8px&#8221; custom_margin=&#8221;-273px|-154px|137px|||&#8221; custom_padding=&#8221;0px||0px|119px||&#8221; animation_style=&#8221;fade&#8221; global_colors_info=&#8221;{}&#8221;]<\/p>\n<h3 class=\"w-12 h-12 rounded-full bg-navy flex items-center justify-center flex-shrink-0\" data-id=\"jzqfucfw\">+25 anys d&#8217;experi\u00e8ncia<\/h3>\n<h3 class=\"w-12 h-12 rounded-full bg-navy flex items-center justify-center flex-shrink-0\" data-id=\"jzqfucfw\">En transport de mercaderies internacional<\/h3>\n<h3 class=\"w-12 h-12 rounded-full bg-navy flex items-center justify-center flex-shrink-0\" data-id=\"jzqfucfw\">+500 agents i socis<\/h3>\n<h3 class=\"w-12 h-12 rounded-full bg-navy flex items-center justify-center flex-shrink-0\" data-id=\"jzqfucfw\">A la nostra xarxa d&#8217;operacions globals<\/h3>\n<h3 class=\"w-12 h-12 rounded-full bg-navy flex items-center justify-center flex-shrink-0\" data-id=\"jzqfucfw\">+250 destinacions<\/h3>\n<h3 class=\"w-12 h-12 rounded-full bg-navy flex items-center justify-center flex-shrink-0\" data-id=\"jzqfucfw\">Cobrint 5 continents<\/h3>\n<div class=\"flex items-start gap-4\" data-id=\"i4r3nxcn\">\n<h3 class=\"w-12 h-12 rounded-full bg-navy flex items-center justify-center flex-shrink-0\" data-id=\"jzqfucfw\">Equip especialitzat<\/h3>\n<h3 class=\"w-12 h-12 rounded-full bg-navy flex items-center justify-center flex-shrink-0\" data-id=\"jzqfucfw\">En regulacions duaneres i comer\u00e7 exterior<\/h3>\n<h3 class=\"w-12 h-12 rounded-full bg-navy flex items-center justify-center flex-shrink-0\" data-id=\"jzqfucfw\"><\/h3>\n<\/div>\n<p>[\/et_pb_text][\/et_pb_column][et_pb_column type=&#8221;3_5&#8243; _builder_version=&#8221;4.18.0&#8243; _module_preset=&#8221;default&#8221; global_colors_info=&#8221;{}&#8221;][et_pb_image src=&#8221;https:\/\/a3logistic.com\/wp-content\/uploads\/2025\/08\/landing-1.jpg&#8221; title_text=&#8221;landing-1&#8243; _builder_version=&#8221;4.18.0&#8243; _module_preset=&#8221;default&#8221; custom_margin=&#8221;|-253px|44px|186px||&#8221; animation_style=&#8221;slide&#8221; animation_direction=&#8221;left&#8221; global_colors_info=&#8221;{}&#8221;][\/et_pb_image][\/et_pb_column][\/et_pb_row][\/et_pb_section][et_pb_section fb_built=&#8221;1&#8243; _builder_version=&#8221;4.18.0&#8243; _module_preset=&#8221;default&#8221; background_color=&#8221;#32425e&#8221; custom_margin=&#8221;-119px|||||&#8221; locked=&#8221;off&#8221; global_colors_info=&#8221;{}&#8221;][et_pb_row column_structure=&#8221;1_2,1_4,1_4&#8243; _builder_version=&#8221;4.18.0&#8243; _module_preset=&#8221;default&#8221; custom_padding=&#8221;39px|||||&#8221; global_colors_info=&#8221;{}&#8221;][et_pb_column type=&#8221;1_2&#8243; _builder_version=&#8221;4.18.0&#8243; _module_preset=&#8221;default&#8221; global_colors_info=&#8221;{}&#8221;][et_pb_image src=&#8221;https:\/\/a3logistic.com\/wp-content\/uploads\/2026\/04\/trhrthtrthrth.png&#8221; title_text=&#8221;trhrthtrthrth&#8221; _builder_version=&#8221;4.18.0&#8243; _module_preset=&#8221;default&#8221; width=&#8221;208.8%&#8221; min_height=&#8221;258px&#8221; custom_margin=&#8221;|-994px|28px|177px||&#8221; custom_padding=&#8221;0px|0px|31px|464px||&#8221; animation_style=&#8221;slide&#8221; global_colors_info=&#8221;{}&#8221;][\/et_pb_image][et_pb_text _builder_version=&#8221;4.18.0&#8243; _module_preset=&#8221;default&#8221; custom_margin=&#8221;-331px|-81px||||&#8221; custom_padding=&#8221;20px|||||&#8221; global_colors_info=&#8221;{}&#8221;]<\/p>\n<h1 class=\"font-gt h3-subsection text-white mb-4\" data-id=\"em0jn2z9\"><span style=\"color: #ffffff;\">Necessiteu ajuda amb les vostres operacions log\u00edstiques internacionals?<\/span><\/h1>\n<p>[\/et_pb_text][et_pb_text _builder_version=&#8221;4.18.0&#8243; _module_preset=&#8221;default&#8221; text_text_color=&#8221;#EDEDED&#8221; custom_margin=&#8221;|-55px||||&#8221; custom_padding=&#8221;||26px|||&#8221; global_colors_info=&#8221;{}&#8221;]<\/p>\n<p>El nostre equip d&#8217;especialistes est\u00e0 a la vostra disposici\u00f3 per analitzar les vostres necessitats espec\u00edfiques i dissenyar una soluci\u00f3 a mida. Des del primer contacte fins a la lliuran\u00e7a final.<\/p>\n<p>[\/et_pb_text][et_pb_button button_url=&#8221;https:\/\/a3logistic.com\/contacto\/&#8221; button_text=&#8221;Contactar con A3 Logistic&#8221; _builder_version=&#8221;4.18.0&#8243; _module_preset=&#8221;default&#8221; global_colors_info=&#8221;{}&#8221;][\/et_pb_button][\/et_pb_column][et_pb_column type=&#8221;1_4&#8243; _builder_version=&#8221;4.18.0&#8243; _module_preset=&#8221;default&#8221; global_colors_info=&#8221;{}&#8221;][\/et_pb_column][et_pb_column type=&#8221;1_4&#8243; _builder_version=&#8221;4.18.0&#8243; _module_preset=&#8221;default&#8221; global_colors_info=&#8221;{}&#8221;][et_pb_image src=&#8221;https:\/\/a3logistic.com\/wp-content\/uploads\/2026\/04\/wqdwwqwdww.png&#8221; title_text=&#8221;wqdwwqwdww&#8221; _builder_version=&#8221;4.18.0&#8243; _module_preset=&#8221;default&#8221; width=&#8221;208.8%&#8221; min_height=&#8221;259px&#8221; custom_margin=&#8221;1px|-994px|28px|177px||&#8221; custom_padding=&#8221;20px|0px|31px|38px||&#8221; animation_style=&#8221;slide&#8221; global_colors_info=&#8221;{}&#8221;][\/et_pb_image][\/et_pb_column][\/et_pb_row][\/et_pb_section]<\/p>\n","protected":false},"excerpt":{"rendered":"<p>Blog de log\u00edstica i transport internacionalRecursos especialitzats per a empreses d&#8217;importaci\u00f3 i exportaci\u00f3. Consells pr\u00e0ctics, an\u00e0lisis de mercat i solucions log\u00edstiques per optimitzar la vostra cadena de subministrament.Expertesa log\u00edstica al servei de la vostra empresaA A3 Logistic, tenim m\u00e9s de 25 anys d&#8217;experi\u00e8ncia en transport internacional. Aqu\u00ed hi trobareu an\u00e0lisis del sector, guies pr\u00e0ctiques sobre [&hellip;]<\/p>\n","protected":false},"author":1,"featured_media":0,"parent":0,"menu_order":0,"comment_status":"closed","ping_status":"closed","template":"","meta":{"_et_pb_use_builder":"on","_et_pb_old_content":"","_et_gb_content_width":"","om_disable_all_campaigns":false,"inline_featured_image":false,"_monsterinsights_skip_tracking":false,"_monsterinsights_sitenote_active":false,"_monsterinsights_sitenote_note":"","_monsterinsights_sitenote_category":0},"aioseo_notices":[],"yoast_head":"<!-- This site is optimized with the Yoast SEO plugin v19.8 - https:\/\/yoast.com\/wordpress\/plugins\/seo\/ -->\n<title>Blog - A3Logistic<\/title>\n<meta name=\"robots\" content=\"index, follow, max-snippet:-1, max-image-preview:large, max-video-preview:-1\" \/>\n<link rel=\"canonical\" href=\"https:\/\/a3logistic.com\/ca\/2991-2\/\" \/>\n<meta property=\"og:locale\" content=\"ca_ES\" \/>\n<meta property=\"og:type\" content=\"article\" \/>\n<meta property=\"og:title\" content=\"Blog - A3Logistic\" \/>\n<meta property=\"og:description\" content=\"Blog de log\u00edstica i transport internacionalRecursos especialitzats per a empreses d&#039;importaci\u00f3 i exportaci\u00f3. Consells pr\u00e0ctics, an\u00e0lisis de mercat i solucions log\u00edstiques per optimitzar la vostra cadena de subministrament.Expertesa log\u00edstica al servei de la vostra empresaA A3 Logistic, tenim m\u00e9s de 25 anys d&#039;experi\u00e8ncia en transport internacional. Aqu\u00ed hi trobareu an\u00e0lisis del sector, guies pr\u00e0ctiques sobre [&hellip;]\" \/>\n<meta property=\"og:url\" content=\"https:\/\/a3logistic.com\/ca\/2991-2\/\" \/>\n<meta property=\"og:site_name\" content=\"A3Logistic\" \/>\n<meta property=\"article:modified_time\" content=\"2026-04-22T15:57:34+00:00\" \/>\n<meta name=\"twitter:card\" content=\"summary_large_image\" \/>\n<meta name=\"twitter:label1\" content=\"Temps estimat de lectura\" \/>\n\t<meta name=\"twitter:data1\" content=\"3 minuts\" \/>\n<script type=\"application\/ld+json\" class=\"yoast-schema-graph\">{\"@context\":\"https:\/\/schema.org\",\"@graph\":[{\"@type\":\"WebPage\",\"@id\":\"https:\/\/a3logistic.com\/ca\/2991-2\/\",\"url\":\"https:\/\/a3logistic.com\/ca\/2991-2\/\",\"name\":\"Blog - A3Logistic\",\"isPartOf\":{\"@id\":\"https:\/\/a3logistic.com\/#website\"},\"datePublished\":\"2026-04-17T13:09:01+00:00\",\"dateModified\":\"2026-04-22T15:57:34+00:00\",\"breadcrumb\":{\"@id\":\"https:\/\/a3logistic.com\/ca\/2991-2\/#breadcrumb\"},\"inLanguage\":\"ca\",\"potentialAction\":[{\"@type\":\"ReadAction\",\"target\":[\"https:\/\/a3logistic.com\/ca\/2991-2\/\"]}]},{\"@type\":\"BreadcrumbList\",\"@id\":\"https:\/\/a3logistic.com\/ca\/2991-2\/#breadcrumb\",\"itemListElement\":[{\"@type\":\"ListItem\",\"position\":1,\"name\":\"Home\",\"item\":\"https:\/\/a3logistic.com\/ca\/\"},{\"@type\":\"ListItem\",\"position\":2,\"name\":\"Blog\"}]},{\"@type\":\"WebSite\",\"@id\":\"https:\/\/a3logistic.com\/#website\",\"url\":\"https:\/\/a3logistic.com\/\",\"name\":\"A3Logistic\",\"description\":\"Movemos el mundo por tu empresa\",\"publisher\":{\"@id\":\"https:\/\/a3logistic.com\/#organization\"},\"potentialAction\":[{\"@type\":\"SearchAction\",\"target\":{\"@type\":\"EntryPoint\",\"urlTemplate\":\"https:\/\/a3logistic.com\/?s={search_term_string}\"},\"query-input\":\"required name=search_term_string\"}],\"inLanguage\":\"ca\"},{\"@type\":\"Organization\",\"@id\":\"https:\/\/a3logistic.com\/#organization\",\"name\":\"A3Logistic\",\"url\":\"https:\/\/a3logistic.com\/\",\"sameAs\":[],\"logo\":{\"@type\":\"ImageObject\",\"inLanguage\":\"ca\",\"@id\":\"https:\/\/a3logistic.com\/#\/schema\/logo\/image\/\",\"url\":\"https:\/\/a3logistic.com\/wp-content\/uploads\/2022\/10\/logo.svg\",\"contentUrl\":\"https:\/\/a3logistic.com\/wp-content\/uploads\/2022\/10\/logo.svg\",\"width\":187,\"height\":62,\"caption\":\"A3Logistic\"},\"image\":{\"@id\":\"https:\/\/a3logistic.com\/#\/schema\/logo\/image\/\"}}]}<\/script>\n<!-- \/ Yoast SEO plugin. -->","yoast_head_json":{"title":"Blog - A3Logistic","robots":{"index":"index","follow":"follow","max-snippet":"max-snippet:-1","max-image-preview":"max-image-preview:large","max-video-preview":"max-video-preview:-1"},"canonical":"https:\/\/a3logistic.com\/ca\/2991-2\/","og_locale":"ca_ES","og_type":"article","og_title":"Blog - A3Logistic","og_description":"Blog de log\u00edstica i transport internacionalRecursos especialitzats per a empreses d'importaci\u00f3 i exportaci\u00f3. Consells pr\u00e0ctics, an\u00e0lisis de mercat i solucions log\u00edstiques per optimitzar la vostra cadena de subministrament.Expertesa log\u00edstica al servei de la vostra empresaA A3 Logistic, tenim m\u00e9s de 25 anys d'experi\u00e8ncia en transport internacional. Aqu\u00ed hi trobareu an\u00e0lisis del sector, guies pr\u00e0ctiques sobre [&hellip;]","og_url":"https:\/\/a3logistic.com\/ca\/2991-2\/","og_site_name":"A3Logistic","article_modified_time":"2026-04-22T15:57:34+00:00","twitter_card":"summary_large_image","twitter_misc":{"Temps estimat de lectura":"3 minuts"},"schema":{"@context":"https:\/\/schema.org","@graph":[{"@type":"WebPage","@id":"https:\/\/a3logistic.com\/ca\/2991-2\/","url":"https:\/\/a3logistic.com\/ca\/2991-2\/","name":"Blog - A3Logistic","isPartOf":{"@id":"https:\/\/a3logistic.com\/#website"},"datePublished":"2026-04-17T13:09:01+00:00","dateModified":"2026-04-22T15:57:34+00:00","breadcrumb":{"@id":"https:\/\/a3logistic.com\/ca\/2991-2\/#breadcrumb"},"inLanguage":"ca","potentialAction":[{"@type":"ReadAction","target":["https:\/\/a3logistic.com\/ca\/2991-2\/"]}]},{"@type":"BreadcrumbList","@id":"https:\/\/a3logistic.com\/ca\/2991-2\/#breadcrumb","itemListElement":[{"@type":"ListItem","position":1,"name":"Home","item":"https:\/\/a3logistic.com\/ca\/"},{"@type":"ListItem","position":2,"name":"Blog"}]},{"@type":"WebSite","@id":"https:\/\/a3logistic.com\/#website","url":"https:\/\/a3logistic.com\/","name":"A3Logistic","description":"Movemos el mundo por tu empresa","publisher":{"@id":"https:\/\/a3logistic.com\/#organization"},"potentialAction":[{"@type":"SearchAction","target":{"@type":"EntryPoint","urlTemplate":"https:\/\/a3logistic.com\/?s={search_term_string}"},"query-input":"required name=search_term_string"}],"inLanguage":"ca"},{"@type":"Organization","@id":"https:\/\/a3logistic.com\/#organization","name":"A3Logistic","url":"https:\/\/a3logistic.com\/","sameAs":[],"logo":{"@type":"ImageObject","inLanguage":"ca","@id":"https:\/\/a3logistic.com\/#\/schema\/logo\/image\/","url":"https:\/\/a3logistic.com\/wp-content\/uploads\/2022\/10\/logo.svg","contentUrl":"https:\/\/a3logistic.com\/wp-content\/uploads\/2022\/10\/logo.svg","width":187,"height":62,"caption":"A3Logistic"},"image":{"@id":"https:\/\/a3logistic.com\/#\/schema\/logo\/image\/"}}]}},"_links":{"self":[{"href":"https:\/\/a3logistic.com\/ca\/wp-json\/wp\/v2\/pages\/2991"}],"collection":[{"href":"https:\/\/a3logistic.com\/ca\/wp-json\/wp\/v2\/pages"}],"about":[{"href":"https:\/\/a3logistic.com\/ca\/wp-json\/wp\/v2\/types\/page"}],"author":[{"embeddable":true,"href":"https:\/\/a3logistic.com\/ca\/wp-json\/wp\/v2\/users\/1"}],"replies":[{"embeddable":true,"href":"https:\/\/a3logistic.com\/ca\/wp-json\/wp\/v2\/comments?post=2991"}],"version-history":[{"count":5,"href":"https:\/\/a3logistic.com\/ca\/wp-json\/wp\/v2\/pages\/2991\/revisions"}],"predecessor-version":[{"id":3143,"href":"https:\/\/a3logistic.com\/ca\/wp-json\/wp\/v2\/pages\/2991\/revisions\/3143"}],"wp:attachment":[{"href":"https:\/\/a3logistic.com\/ca\/wp-json\/wp\/v2\/media?parent=2991"}],"curies":[{"name":"wp","href":"https:\/\/api.w.org\/{rel}","templated":true}]}}