{"id":657,"date":"2022-10-06T08:39:03","date_gmt":"2022-10-06T08:39:03","guid":{"rendered":"https:\/\/a3logistic.com\/sectors\/"},"modified":"2024-08-28T11:34:59","modified_gmt":"2024-08-28T11:34:59","slug":"sectors","status":"publish","type":"page","link":"https:\/\/a3logistic.com\/ca\/sectors\/","title":{"rendered":"Sectors"},"content":{"rendered":"<p>[et_pb_section fb_built=&#8221;1&#8243; _builder_version=&#8221;4.18.0&#8243; _module_preset=&#8221;default&#8221; animation_style=&#8221;fade&#8221; animation_duration=&#8221;450ms&#8221; global_colors_info=&#8221;{}&#8221;][et_pb_row _builder_version=&#8221;4.18.0&#8243; _module_preset=&#8221;default&#8221; locked=&#8221;off&#8221; global_colors_info=&#8221;{}&#8221;][et_pb_column type=&#8221;4_4&#8243; _builder_version=&#8221;4.18.0&#8243; _module_preset=&#8221;default&#8221; global_colors_info=&#8221;{}&#8221;][et_pb_text module_class=&#8221;title-with-dot &#8221; _builder_version=&#8221;4.18.0&#8243; _module_preset=&#8221;default&#8221; text_text_color=&#8221;#32425E&#8221; text_font_size=&#8221;16px&#8221; global_colors_info=&#8221;{}&#8221;]<\/p>\n<p>SECTORS<\/p>\n<p>[\/et_pb_text][et_pb_text _builder_version=&#8221;4.18.0&#8243; _module_preset=&#8221;default&#8221; header_2_text_color=&#8221;#32425E&#8221; header_2_font_size=&#8221;48px&#8221; header_2_font_size_tablet=&#8221;42px&#8221; header_2_font_size_phone=&#8221;38px&#8221; header_2_font_size_last_edited=&#8221;on|phone&#8221; global_colors_info=&#8221;{}&#8221;]<\/p>\n<h2>El teu producte, el transportem<\/h2>\n<p>[\/et_pb_text][et_pb_text _builder_version=&#8221;4.18.0&#8243; _module_preset=&#8221;default&#8221; text_text_color=&#8221;#000000&#8243; text_font_size=&#8221;24px&#8221; text_line_height=&#8221;1.5em&#8221; max_width=&#8221;875px&#8221; text_font_size_tablet=&#8221;24px&#8221; text_font_size_phone=&#8221;20px&#8221; text_font_size_last_edited=&#8221;on|desktop&#8221; global_colors_info=&#8221;{}&#8221;]<\/p>\n<p>Donem resposta a les necessitats de transport de cada sector. Maximitzem la competitivitat i optimitzem costos. Oferim solucions espec\u00edfiques proposades per personal amb molta experi\u00e8ncia en mercats diversos com l&#8217;automoci\u00f3, els peribles, els qu\u00edmics perillosos, la c\u00e0rrega industrial i el consum.<\/p>\n<p>[\/et_pb_text][\/et_pb_column][\/et_pb_row][\/et_pb_section][et_pb_section fb_built=&#8221;1&#8243; module_class=&#8221;section-sectores-blocks&#8221; _builder_version=&#8221;4.18.0&#8243; _module_preset=&#8221;default&#8221; custom_padding=&#8221;||||false|false&#8221; global_colors_info=&#8221;{}&#8221;][et_pb_row column_structure=&#8221;1_3,2_3&#8243; custom_padding_last_edited=&#8221;on|tablet&#8221; module_id=&#8221;piezas&#8221; _builder_version=&#8221;4.18.0&#8243; _module_preset=&#8221;default&#8221; custom_padding=&#8221;||80px||false|false&#8221; custom_padding_tablet=&#8221;||40px||false|false&#8221; custom_padding_phone=&#8221;||40px||false|false&#8221; animation_style=&#8221;fade&#8221; global_colors_info=&#8221;{}&#8221;][et_pb_column type=&#8221;1_3&#8243; _builder_version=&#8221;4.18.0&#8243; _module_preset=&#8221;default&#8221; global_colors_info=&#8221;{}&#8221;][et_pb_image src=&#8221;https:\/\/a3logistic.com\/wp-content\/uploads\/2022\/10\/peizas.jpg&#8221; title_text=&#8221;peizas&#8221; force_fullwidth=&#8221;on&#8221; _builder_version=&#8221;4.18.0&#8243; _module_preset=&#8221;default&#8221; background_enable_color=&#8221;off&#8221; custom_padding=&#8221;35px||35px|35px|true|false&#8221; hover_enabled=&#8221;0&#8243; global_colors_info=&#8221;{}&#8221; custom_margin=&#8221;|||0px|false|false&#8221; sticky_enabled=&#8221;0&#8243;][\/et_pb_image][\/et_pb_column][et_pb_column type=&#8221;2_3&#8243; _builder_version=&#8221;4.18.0&#8243; _module_preset=&#8221;default&#8221; global_colors_info=&#8221;{}&#8221;][et_pb_text _builder_version=&#8221;4.18.0&#8243; _module_preset=&#8221;default&#8221; header_3_font_size=&#8221;36px&#8221; background_image=&#8221;https:\/\/a3logistic.com\/wp-content\/uploads\/2022\/10\/icon-01.svg&#8221; background_size=&#8221;custom&#8221; background_image_width=&#8221;90px&#8221; background_position=&#8221;top_left&#8221; custom_padding=&#8221;70px||||false|false&#8221; global_colors_info=&#8221;{}&#8221;]<\/p>\n<h3>Peces i recanvis d&#8217;automoci\u00f3<\/h3>\n<p>[\/et_pb_text][et_pb_text _builder_version=&#8221;4.18.0&#8243; _module_preset=&#8221;default&#8221; text_font=&#8221;|300|||||||&#8221; ul_font_size=&#8221;22px&#8221; ul_line_height=&#8221;1.4em&#8221; global_colors_info=&#8221;{}&#8221;]Qualitat, flexibilitat, optimitzaci\u00f3 de costos&#8230; Proporcionem solucions a mida per simplificar i agilitzar les cadenes de subministrament.[\/et_pb_text][\/et_pb_column][\/et_pb_row][et_pb_row column_structure=&#8221;3_5,2_5&#8243; custom_padding_last_edited=&#8221;on|tablet&#8221; module_id=&#8221;perecederos&#8221; _builder_version=&#8221;4.18.0&#8243; _module_preset=&#8221;default&#8221; custom_padding=&#8221;||80px||false|false&#8221; custom_padding_tablet=&#8221;||40px||false|false&#8221; custom_padding_phone=&#8221;||40px||false|false&#8221; animation_style=&#8221;fade&#8221; animation_delay=&#8221;400ms&#8221; global_colors_info=&#8221;{}&#8221;][et_pb_column type=&#8221;3_5&#8243; _builder_version=&#8221;4.18.0&#8243; _module_preset=&#8221;default&#8221; global_colors_info=&#8221;{}&#8221;][et_pb_text _builder_version=&#8221;4.18.0&#8243; _module_preset=&#8221;default&#8221; header_3_font_size=&#8221;36px&#8221; background_image=&#8221;https:\/\/a3logistic.com\/wp-content\/uploads\/2022\/10\/icon-03.svg&#8221; background_size=&#8221;custom&#8221; background_image_width=&#8221;90px&#8221; background_position=&#8221;top_left&#8221; custom_padding=&#8221;120px||||false|false&#8221; global_colors_info=&#8221;{}&#8221;]<\/p>\n<h3>Productes peribles<\/h3>\n<p>[\/et_pb_text][et_pb_text _builder_version=&#8221;4.18.0&#8243; _module_preset=&#8221;default&#8221; text_font=&#8221;|300|||||||&#8221; ul_font_size=&#8221;22px&#8221; ul_line_height=&#8221;1.4em&#8221; global_colors_info=&#8221;{}&#8221;]Productes lactis, fruites, verdures, plantes, peix&#8230; Transportem els teus productes amb cadena de fred perqu\u00e8 arribi en perfectes condicions a la destinaci\u00f3.[\/et_pb_text][\/et_pb_column][et_pb_column type=&#8221;2_5&#8243; _builder_version=&#8221;4.18.0&#8243; _module_preset=&#8221;default&#8221; global_colors_info=&#8221;{}&#8221;][et_pb_image src=&#8221;https:\/\/a3logistic.com\/wp-content\/uploads\/2022\/10\/perecederos.jpg&#8221; title_text=&#8221;perecederos&#8221; force_fullwidth=&#8221;on&#8221; _builder_version=&#8221;4.18.0&#8243; _module_preset=&#8221;default&#8221; background_enable_color=&#8221;off&#8221; custom_padding=&#8221;35px|35px|35px||true|false&#8221; hover_enabled=&#8221;0&#8243; global_colors_info=&#8221;{}&#8221; custom_margin=&#8221;|||0px|false|false&#8221; sticky_enabled=&#8221;0&#8243;][\/et_pb_image][\/et_pb_column][\/et_pb_row][et_pb_row column_structure=&#8221;1_3,2_3&#8243; custom_padding_last_edited=&#8221;on|tablet&#8221; module_id=&#8221;peligrosos&#8221; _builder_version=&#8221;4.18.0&#8243; _module_preset=&#8221;default&#8221; custom_padding=&#8221;||80px||false|false&#8221; custom_padding_tablet=&#8221;||40px||false|false&#8221; custom_padding_phone=&#8221;||40px||false|false&#8221; animation_style=&#8221;fade&#8221; global_colors_info=&#8221;{}&#8221;][et_pb_column type=&#8221;1_3&#8243; _builder_version=&#8221;4.18.0&#8243; _module_preset=&#8221;default&#8221; global_colors_info=&#8221;{}&#8221;][et_pb_image src=&#8221;https:\/\/a3logistic.com\/wp-content\/uploads\/2022\/10\/peligrocos.jpg&#8221; title_text=&#8221;peligrocos&#8221; force_fullwidth=&#8221;on&#8221; _builder_version=&#8221;4.18.0&#8243; _module_preset=&#8221;default&#8221; background_enable_color=&#8221;off&#8221; custom_padding=&#8221;35px||35px|35px|true|false&#8221; hover_enabled=&#8221;0&#8243; global_colors_info=&#8221;{}&#8221; custom_margin=&#8221;|||0px|false|false&#8221; sticky_enabled=&#8221;0&#8243;][\/et_pb_image][\/et_pb_column][et_pb_column type=&#8221;2_3&#8243; _builder_version=&#8221;4.18.0&#8243; _module_preset=&#8221;default&#8221; global_colors_info=&#8221;{}&#8221;][et_pb_text _builder_version=&#8221;4.18.0&#8243; _module_preset=&#8221;default&#8221; header_3_font_size=&#8221;36px&#8221; background_image=&#8221;https:\/\/a3logistic.com\/wp-content\/uploads\/2022\/10\/icon-04.svg&#8221; background_size=&#8221;custom&#8221; background_image_width=&#8221;90px&#8221; background_position=&#8221;top_left&#8221; custom_padding=&#8221;120px||||false|false&#8221; global_colors_info=&#8221;{}&#8221;]<\/p>\n<h3>Productes qu\u00edmics perillosos<\/h3>\n<p>[\/et_pb_text][et_pb_text _builder_version=&#8221;4.18.0&#8243; _module_preset=&#8221;default&#8221; text_font=&#8221;|300|||||||&#8221; ul_font_size=&#8221;22px&#8221; ul_line_height=&#8221;1.4em&#8221; global_colors_info=&#8221;{}&#8221;]Assegurem la integritat del producte mitjan\u00e7ant el compliment de normatives, seguretat i protecci\u00f3 durant el transport.[\/et_pb_text][\/et_pb_column][\/et_pb_row][et_pb_row column_structure=&#8221;3_5,2_5&#8243; custom_padding_last_edited=&#8221;on|tablet&#8221; module_id=&#8221;carga&#8221; _builder_version=&#8221;4.18.0&#8243; _module_preset=&#8221;default&#8221; custom_padding=&#8221;||80px||false|false&#8221; custom_padding_tablet=&#8221;||40px||false|false&#8221; custom_padding_phone=&#8221;||40px||false|false&#8221; animation_style=&#8221;fade&#8221; animation_delay=&#8221;600ms&#8221; global_colors_info=&#8221;{}&#8221;][et_pb_column type=&#8221;3_5&#8243; _builder_version=&#8221;4.18.0&#8243; _module_preset=&#8221;default&#8221; global_colors_info=&#8221;{}&#8221;][et_pb_text _builder_version=&#8221;4.18.0&#8243; _module_preset=&#8221;default&#8221; header_3_font_size=&#8221;36px&#8221; background_image=&#8221;https:\/\/a3logistic.com\/wp-content\/uploads\/2022\/10\/icon-02.svg&#8221; background_size=&#8221;custom&#8221; background_image_width=&#8221;90px&#8221; background_position=&#8221;top_left&#8221; custom_padding=&#8221;120px||||false|false&#8221; global_colors_info=&#8221;{}&#8221;]<\/p>\n<h3>C\u00e0rrega industrial<\/h3>\n<p>[\/et_pb_text][et_pb_text _builder_version=&#8221;4.18.0&#8243; _module_preset=&#8221;default&#8221; text_font=&#8221;|300|||||||&#8221; ul_font_size=&#8221;22px&#8221; ul_line_height=&#8221;1.4em&#8221; global_colors_info=&#8221;{}&#8221;]Fem possible el transport de c\u00e0rregues molt pesades o voluminoses que no poden ser traslladades dins un contenidor convencional.[\/et_pb_text][\/et_pb_column][et_pb_column type=&#8221;2_5&#8243; _builder_version=&#8221;4.18.0&#8243; _module_preset=&#8221;default&#8221; global_colors_info=&#8221;{}&#8221;][et_pb_image src=&#8221;https:\/\/a3logistic.com\/wp-content\/uploads\/2022\/10\/industrial.jpg&#8221; title_text=&#8221;industrial&#8221; force_fullwidth=&#8221;on&#8221; _builder_version=&#8221;4.18.0&#8243; _module_preset=&#8221;default&#8221; background_enable_color=&#8221;off&#8221; custom_padding=&#8221;35px|35px|35px||true|false&#8221; hover_enabled=&#8221;0&#8243; global_colors_info=&#8221;{}&#8221; custom_margin=&#8221;|||0px|false|false&#8221; sticky_enabled=&#8221;0&#8243;][\/et_pb_image][\/et_pb_column][\/et_pb_row][et_pb_row column_structure=&#8221;1_3,2_3&#8243; custom_padding_last_edited=&#8221;on|tablet&#8221; module_id=&#8221;consumo&#8221; _builder_version=&#8221;4.18.0&#8243; _module_preset=&#8221;default&#8221; custom_padding=&#8221;||80px||false|false&#8221; custom_padding_tablet=&#8221;||40px||false|false&#8221; custom_padding_phone=&#8221;||40px||false|false&#8221; animation_style=&#8221;fade&#8221; animation_delay=&#8221;800ms&#8221; global_colors_info=&#8221;{}&#8221;][et_pb_column type=&#8221;1_3&#8243; _builder_version=&#8221;4.18.0&#8243; _module_preset=&#8221;default&#8221; global_colors_info=&#8221;{}&#8221;][et_pb_image src=&#8221;https:\/\/a3logistic.com\/wp-content\/uploads\/2022\/10\/consumo.jpg&#8221; title_text=&#8221;consumo&#8221; force_fullwidth=&#8221;on&#8221; _builder_version=&#8221;4.18.0&#8243; _module_preset=&#8221;default&#8221; background_enable_color=&#8221;off&#8221; custom_padding=&#8221;35px||35px|35px|true|false&#8221; hover_enabled=&#8221;0&#8243; global_colors_info=&#8221;{}&#8221; custom_margin=&#8221;|||0px|false|false&#8221; sticky_enabled=&#8221;0&#8243;][\/et_pb_image][\/et_pb_column][et_pb_column type=&#8221;2_3&#8243; _builder_version=&#8221;4.18.0&#8243; _module_preset=&#8221;default&#8221; global_colors_info=&#8221;{}&#8221;][et_pb_text _builder_version=&#8221;4.18.0&#8243; _module_preset=&#8221;default&#8221; header_3_font_size=&#8221;36px&#8221; background_image=&#8221;https:\/\/a3logistic.com\/wp-content\/uploads\/2022\/10\/icon-05.svg&#8221; background_size=&#8221;custom&#8221; background_image_width=&#8221;90px&#8221; background_position=&#8221;top_left&#8221; custom_padding=&#8221;120px||||false|false&#8221; global_colors_info=&#8221;{}&#8221;]<\/p>\n<h3>Productes de consum<\/h3>\n<p>[\/et_pb_text][et_pb_text _builder_version=&#8221;4.18.0&#8243; _module_preset=&#8221;default&#8221; text_font=&#8221;|300|||||||&#8221; ul_font_size=&#8221;22px&#8221; ul_line_height=&#8221;1.4em&#8221; global_colors_info=&#8221;{}&#8221;]Prenem les millors decisions per ajudar-te a exportar o importar productes de consum, assegurant-nos que arribin a temps al seu dest\u00ed.[\/et_pb_text][\/et_pb_column][\/et_pb_row][\/et_pb_section][et_pb_section fb_built=&#8221;1&#8243; admin_label=&#8221;SECTION PREFOOTER&#8221; module_class=&#8221;section-prefooter&#8221; _builder_version=&#8221;4.18.0&#8243; _module_preset=&#8221;default&#8221; background_color=&#8221;#32425e&#8221; saved_tabs=&#8221;all&#8221; global_colors_info=&#8221;{}&#8221;][et_pb_row column_structure=&#8221;1_2,1_2&#8243; module_class=&#8221;section-prefooter__row&#8221; _builder_version=&#8221;4.18.0&#8243; _module_preset=&#8221;default&#8221; animation_style=&#8221;fade&#8221; global_colors_info=&#8221;{}&#8221;][et_pb_column type=&#8221;1_2&#8243; _builder_version=&#8221;4.18.0&#8243; _module_preset=&#8221;default&#8221; animation_style=&#8221;fade&#8221; global_colors_info=&#8221;{}&#8221;][et_pb_text _builder_version=&#8221;4.18.0&#8243; _module_preset=&#8221;default&#8221; header_3_text_color=&#8221;#FFFFFF&#8221; header_3_font_size=&#8221;48px&#8221; header_3_line_height=&#8221;1.2em&#8221; background_layout=&#8221;dark&#8221; custom_margin=&#8221;||10px||false|false&#8221; header_3_font_size_tablet=&#8221;42px&#8221; header_3_font_size_phone=&#8221;38px&#8221; header_3_font_size_last_edited=&#8221;on|phone&#8221; global_colors_info=&#8221;{}&#8221;]<\/p>\n<h3>Pregunta&#8217;ns<br \/>el que vulguis<\/h3>\n<p>[\/et_pb_text][et_pb_text _builder_version=&#8221;4.18.0&#8243; _module_preset=&#8221;default&#8221; text_font=&#8221;|300|||||||&#8221; text_font_size=&#8221;24px&#8221; text_line_height=&#8221;1.3em&#8221; background_layout=&#8221;dark&#8221; text_font_size_tablet=&#8221;&#8221; text_font_size_phone=&#8221;20px&#8221; text_font_size_last_edited=&#8221;on|phone&#8221; global_colors_info=&#8221;{}&#8221;]<\/p>\n<p>Els nostres experts estan disponibles per ajudar-te. Contacta amb nosaltres i trobarem la soluci\u00f3 que necessites.<\/p>\n<p>[\/et_pb_text][et_pb_button button_url=&#8221;@ET-DC@eyJkeW5hbWljIjp0cnVlLCJjb250ZW50IjoicG9zdF9saW5rX3VybF9wYWdlIiwic2V0dGluZ3MiOnsicG9zdF9pZCI6IjMyIn19@&#8221; button_text=&#8221;Contacta&#8217;ns&#8221; _builder_version=&#8221;4.18.0&#8243; _dynamic_attributes=&#8221;button_url&#8221; _module_preset=&#8221;default&#8221; animation_style=&#8221;slide&#8221; animation_direction=&#8221;left&#8221; animation_delay=&#8221;300ms&#8221; animation_intensity_slide=&#8221;10%&#8221; global_colors_info=&#8221;{}&#8221;][\/et_pb_button][\/et_pb_column][et_pb_column type=&#8221;1_2&#8243; _builder_version=&#8221;4.18.0&#8243; _module_preset=&#8221;default&#8221; animation_style=&#8221;fade&#8221; animation_delay=&#8221;300ms&#8221; global_colors_info=&#8221;{}&#8221;][et_pb_image src=&#8221;https:\/\/a3logistic.com\/wp-content\/uploads\/2022\/10\/unsplash_315vPGsAFUk.jpeg&#8221; title_text=&#8221;unsplash_315vPGsAFUk&#8221; _builder_version=&#8221;4.18.0&#8243; _module_preset=&#8221;default&#8221; global_colors_info=&#8221;{}&#8221;][\/et_pb_image][\/et_pb_column][\/et_pb_row][\/et_pb_section]<\/p>\n","protected":false},"excerpt":{"rendered":"<p>SECTORSEl teu producte, el transportemDonem resposta a les necessitats de transport de cada sector. Maximitzem la competitivitat i optimitzem costos. Oferim solucions espec\u00edfiques proposades per personal amb molta experi\u00e8ncia en mercats diversos com l&#8217;automoci\u00f3, els peribles, els qu\u00edmics perillosos, la c\u00e0rrega industrial i el consum.Peces i recanvis d&#8217;automoci\u00f3Qualitat, flexibilitat, optimitzaci\u00f3 de costos&#8230; Proporcionem solucions a [&hellip;]<\/p>\n","protected":false},"author":1,"featured_media":0,"parent":0,"menu_order":0,"comment_status":"closed","ping_status":"closed","template":"","meta":{"_et_pb_use_builder":"on","_et_pb_old_content":"","_et_gb_content_width":"","om_disable_all_campaigns":false,"inline_featured_image":false,"_monsterinsights_skip_tracking":false,"_monsterinsights_sitenote_active":false,"_monsterinsights_sitenote_note":"","_monsterinsights_sitenote_category":0},"aioseo_notices":[],"yoast_head":"<!-- This site is optimized with the Yoast SEO plugin v19.8 - https:\/\/yoast.com\/wordpress\/plugins\/seo\/ -->\n<title>Sectors - A3Logistic<\/title>\n<meta name=\"robots\" content=\"index, follow, max-snippet:-1, max-image-preview:large, max-video-preview:-1\" \/>\n<link rel=\"canonical\" href=\"https:\/\/a3logistic.com\/ca\/sectors\/\" \/>\n<meta property=\"og:locale\" content=\"ca_ES\" \/>\n<meta property=\"og:type\" content=\"article\" \/>\n<meta property=\"og:title\" content=\"Sectors - A3Logistic\" \/>\n<meta property=\"og:description\" content=\"SECTORSEl teu producte, el transportemDonem resposta a les necessitats de transport de cada sector. Maximitzem la competitivitat i optimitzem costos. Oferim solucions espec\u00edfiques proposades per personal amb molta experi\u00e8ncia en mercats diversos com l&#039;automoci\u00f3, els peribles, els qu\u00edmics perillosos, la c\u00e0rrega industrial i el consum.Peces i recanvis d&#039;automoci\u00f3Qualitat, flexibilitat, optimitzaci\u00f3 de costos... Proporcionem solucions a [&hellip;]\" \/>\n<meta property=\"og:url\" content=\"https:\/\/a3logistic.com\/ca\/sectors\/\" \/>\n<meta property=\"og:site_name\" content=\"A3Logistic\" \/>\n<meta property=\"article:modified_time\" content=\"2024-08-28T11:34:59+00:00\" \/>\n<meta name=\"twitter:card\" content=\"summary_large_image\" \/>\n<meta name=\"twitter:label1\" content=\"Temps estimat de lectura\" \/>\n\t<meta name=\"twitter:data1\" content=\"3 minuts\" \/>\n<script type=\"application\/ld+json\" class=\"yoast-schema-graph\">{\"@context\":\"https:\/\/schema.org\",\"@graph\":[{\"@type\":\"WebPage\",\"@id\":\"https:\/\/a3logistic.com\/ca\/sectors\/\",\"url\":\"https:\/\/a3logistic.com\/ca\/sectors\/\",\"name\":\"Sectors - A3Logistic\",\"isPartOf\":{\"@id\":\"https:\/\/a3logistic.com\/#website\"},\"datePublished\":\"2022-10-06T08:39:03+00:00\",\"dateModified\":\"2024-08-28T11:34:59+00:00\",\"breadcrumb\":{\"@id\":\"https:\/\/a3logistic.com\/ca\/sectors\/#breadcrumb\"},\"inLanguage\":\"ca\",\"potentialAction\":[{\"@type\":\"ReadAction\",\"target\":[\"https:\/\/a3logistic.com\/ca\/sectors\/\"]}]},{\"@type\":\"BreadcrumbList\",\"@id\":\"https:\/\/a3logistic.com\/ca\/sectors\/#breadcrumb\",\"itemListElement\":[{\"@type\":\"ListItem\",\"position\":1,\"name\":\"Home\",\"item\":\"https:\/\/a3logistic.com\/ca\/\"},{\"@type\":\"ListItem\",\"position\":2,\"name\":\"Sectors\"}]},{\"@type\":\"WebSite\",\"@id\":\"https:\/\/a3logistic.com\/#website\",\"url\":\"https:\/\/a3logistic.com\/\",\"name\":\"A3Logistic\",\"description\":\"Movemos el mundo por tu empresa\",\"publisher\":{\"@id\":\"https:\/\/a3logistic.com\/#organization\"},\"potentialAction\":[{\"@type\":\"SearchAction\",\"target\":{\"@type\":\"EntryPoint\",\"urlTemplate\":\"https:\/\/a3logistic.com\/?s={search_term_string}\"},\"query-input\":\"required name=search_term_string\"}],\"inLanguage\":\"ca\"},{\"@type\":\"Organization\",\"@id\":\"https:\/\/a3logistic.com\/#organization\",\"name\":\"A3Logistic\",\"url\":\"https:\/\/a3logistic.com\/\",\"sameAs\":[],\"logo\":{\"@type\":\"ImageObject\",\"inLanguage\":\"ca\",\"@id\":\"https:\/\/a3logistic.com\/#\/schema\/logo\/image\/\",\"url\":\"https:\/\/a3logistic.com\/wp-content\/uploads\/2022\/10\/logo.svg\",\"contentUrl\":\"https:\/\/a3logistic.com\/wp-content\/uploads\/2022\/10\/logo.svg\",\"width\":187,\"height\":62,\"caption\":\"A3Logistic\"},\"image\":{\"@id\":\"https:\/\/a3logistic.com\/#\/schema\/logo\/image\/\"}}]}<\/script>\n<!-- \/ Yoast SEO plugin. -->","yoast_head_json":{"title":"Sectors - A3Logistic","robots":{"index":"index","follow":"follow","max-snippet":"max-snippet:-1","max-image-preview":"max-image-preview:large","max-video-preview":"max-video-preview:-1"},"canonical":"https:\/\/a3logistic.com\/ca\/sectors\/","og_locale":"ca_ES","og_type":"article","og_title":"Sectors - A3Logistic","og_description":"SECTORSEl teu producte, el transportemDonem resposta a les necessitats de transport de cada sector. Maximitzem la competitivitat i optimitzem costos. Oferim solucions espec\u00edfiques proposades per personal amb molta experi\u00e8ncia en mercats diversos com l'automoci\u00f3, els peribles, els qu\u00edmics perillosos, la c\u00e0rrega industrial i el consum.Peces i recanvis d'automoci\u00f3Qualitat, flexibilitat, optimitzaci\u00f3 de costos... Proporcionem solucions a [&hellip;]","og_url":"https:\/\/a3logistic.com\/ca\/sectors\/","og_site_name":"A3Logistic","article_modified_time":"2024-08-28T11:34:59+00:00","twitter_card":"summary_large_image","twitter_misc":{"Temps estimat de lectura":"3 minuts"},"schema":{"@context":"https:\/\/schema.org","@graph":[{"@type":"WebPage","@id":"https:\/\/a3logistic.com\/ca\/sectors\/","url":"https:\/\/a3logistic.com\/ca\/sectors\/","name":"Sectors - A3Logistic","isPartOf":{"@id":"https:\/\/a3logistic.com\/#website"},"datePublished":"2022-10-06T08:39:03+00:00","dateModified":"2024-08-28T11:34:59+00:00","breadcrumb":{"@id":"https:\/\/a3logistic.com\/ca\/sectors\/#breadcrumb"},"inLanguage":"ca","potentialAction":[{"@type":"ReadAction","target":["https:\/\/a3logistic.com\/ca\/sectors\/"]}]},{"@type":"BreadcrumbList","@id":"https:\/\/a3logistic.com\/ca\/sectors\/#breadcrumb","itemListElement":[{"@type":"ListItem","position":1,"name":"Home","item":"https:\/\/a3logistic.com\/ca\/"},{"@type":"ListItem","position":2,"name":"Sectors"}]},{"@type":"WebSite","@id":"https:\/\/a3logistic.com\/#website","url":"https:\/\/a3logistic.com\/","name":"A3Logistic","description":"Movemos el mundo por tu empresa","publisher":{"@id":"https:\/\/a3logistic.com\/#organization"},"potentialAction":[{"@type":"SearchAction","target":{"@type":"EntryPoint","urlTemplate":"https:\/\/a3logistic.com\/?s={search_term_string}"},"query-input":"required name=search_term_string"}],"inLanguage":"ca"},{"@type":"Organization","@id":"https:\/\/a3logistic.com\/#organization","name":"A3Logistic","url":"https:\/\/a3logistic.com\/","sameAs":[],"logo":{"@type":"ImageObject","inLanguage":"ca","@id":"https:\/\/a3logistic.com\/#\/schema\/logo\/image\/","url":"https:\/\/a3logistic.com\/wp-content\/uploads\/2022\/10\/logo.svg","contentUrl":"https:\/\/a3logistic.com\/wp-content\/uploads\/2022\/10\/logo.svg","width":187,"height":62,"caption":"A3Logistic"},"image":{"@id":"https:\/\/a3logistic.com\/#\/schema\/logo\/image\/"}}]}},"_links":{"self":[{"href":"https:\/\/a3logistic.com\/ca\/wp-json\/wp\/v2\/pages\/657"}],"collection":[{"href":"https:\/\/a3logistic.com\/ca\/wp-json\/wp\/v2\/pages"}],"about":[{"href":"https:\/\/a3logistic.com\/ca\/wp-json\/wp\/v2\/types\/page"}],"author":[{"embeddable":true,"href":"https:\/\/a3logistic.com\/ca\/wp-json\/wp\/v2\/users\/1"}],"replies":[{"embeddable":true,"href":"https:\/\/a3logistic.com\/ca\/wp-json\/wp\/v2\/comments?post=657"}],"version-history":[{"count":6,"href":"https:\/\/a3logistic.com\/ca\/wp-json\/wp\/v2\/pages\/657\/revisions"}],"predecessor-version":[{"id":1545,"href":"https:\/\/a3logistic.com\/ca\/wp-json\/wp\/v2\/pages\/657\/revisions\/1545"}],"wp:attachment":[{"href":"https:\/\/a3logistic.com\/ca\/wp-json\/wp\/v2\/media?parent=657"}],"curies":[{"name":"wp","href":"https:\/\/api.w.org\/{rel}","templated":true}]}}